{"id":810,"date":"2022-02-23T14:31:58","date_gmt":"2022-02-23T13:31:58","guid":{"rendered":"https:\/\/prolavage.fr\/aussenwaesche\/"},"modified":"2025-08-26T12:20:04","modified_gmt":"2025-08-26T10:20:04","slug":"aussenwaesche","status":"publish","type":"page","link":"https:\/\/prolavage.fr\/de\/aussenwaesche\/","title":{"rendered":"Au\u00dfenreinigung"},"content":{"rendered":"\t\t<div data-elementor-type=\"wp-page\" data-elementor-id=\"810\" class=\"elementor elementor-810\" data-elementor-post-type=\"page\">\n\t\t\t\t<div class=\"elementor-element elementor-element-44ba739 e-flex e-con-boxed e-con e-parent\" data-id=\"44ba739\" data-element_type=\"container\">\n\t\t\t\t\t<div class=\"e-con-inner\">\n\t\t<div class=\"elementor-element elementor-element-1ebcf9a e-con-full e-flex e-con e-child\" data-id=\"1ebcf9a\" data-element_type=\"container\">\n\t\t\t\t<div class=\"elementor-element elementor-element-188e968 elementor-widget elementor-widget-heading\" data-id=\"188e968\" data-element_type=\"widget\" data-widget_type=\"heading.default\">\n\t\t\t\t\t<h1 class=\"elementor-heading-title elementor-size-default\">Au\u00dfenreinigung allerlei Fahrzeuge<\/h1>\t\t\t\t<\/div>\n\t\t\t\t<div class=\"elementor-element elementor-element-95f1952 elementor-widget elementor-widget-text-editor\" data-id=\"95f1952\" data-element_type=\"widget\" data-widget_type=\"text-editor.default\">\n\t\t\t\t\t\t\t\t\t<p>Au\u00dfenreinigung allerlei Fahrzeuge\u00a0: LKW, Schlepper, Tanks und Silos.<\/p>\t\t\t\t\t\t\t\t<\/div>\n\t\t\t\t<\/div>\n\t\t<div class=\"elementor-element elementor-element-1a7bf12 e-grid e-con-full e-con e-child\" data-id=\"1a7bf12\" data-element_type=\"container\">\n\t\t\t\t<div class=\"elementor-element elementor-element-bbebe26 elementor-widget elementor-widget-image\" data-id=\"bbebe26\" data-element_type=\"widget\" data-widget_type=\"image.default\">\n\t\t\t\t\t\t\t\t\t\t\t\t\t\t\t<img fetchpriority=\"high\" decoding=\"async\" width=\"1642\" height=\"924\" src=\"https:\/\/prolavage.fr\/wp-content\/uploads\/2022\/09\/Ext-Angers-comp-27.jpg\" class=\"attachment-full size-full wp-image-1280\" alt=\"\" srcset=\"https:\/\/prolavage.fr\/wp-content\/uploads\/2022\/09\/Ext-Angers-comp-27.jpg 1642w, https:\/\/prolavage.fr\/wp-content\/uploads\/2022\/09\/Ext-Angers-comp-27-300x169.jpg 300w, https:\/\/prolavage.fr\/wp-content\/uploads\/2022\/09\/Ext-Angers-comp-27-1024x576.jpg 1024w, https:\/\/prolavage.fr\/wp-content\/uploads\/2022\/09\/Ext-Angers-comp-27-768x432.jpg 768w, https:\/\/prolavage.fr\/wp-content\/uploads\/2022\/09\/Ext-Angers-comp-27-1536x864.jpg 1536w\" sizes=\"(max-width: 1642px) 100vw, 1642px\" \/>\t\t\t\t\t\t\t\t\t\t\t\t\t\t\t<\/div>\n\t\t\t\t<div class=\"elementor-element elementor-element-8f6de25 elementor-widget elementor-widget-image\" data-id=\"8f6de25\" data-element_type=\"widget\" data-widget_type=\"image.default\">\n\t\t\t\t\t\t\t\t\t\t\t\t\t\t\t<img decoding=\"async\" width=\"1296\" height=\"730\" src=\"https:\/\/prolavage.fr\/wp-content\/uploads\/2022\/09\/Ext-Angers-comp-95.jpg\" class=\"attachment-full size-full wp-image-1275\" alt=\"\" srcset=\"https:\/\/prolavage.fr\/wp-content\/uploads\/2022\/09\/Ext-Angers-comp-95.jpg 1296w, https:\/\/prolavage.fr\/wp-content\/uploads\/2022\/09\/Ext-Angers-comp-95-300x169.jpg 300w, https:\/\/prolavage.fr\/wp-content\/uploads\/2022\/09\/Ext-Angers-comp-95-1024x577.jpg 1024w, https:\/\/prolavage.fr\/wp-content\/uploads\/2022\/09\/Ext-Angers-comp-95-768x433.jpg 768w\" sizes=\"(max-width: 1296px) 100vw, 1296px\" \/>\t\t\t\t\t\t\t\t\t\t\t\t\t\t\t<\/div>\n\t\t\t\t<div class=\"elementor-element elementor-element-a9e8d33 elementor-widget elementor-widget-image\" data-id=\"a9e8d33\" data-element_type=\"widget\" data-widget_type=\"image.default\">\n\t\t\t\t\t\t\t\t\t\t\t\t\t\t\t<img decoding=\"async\" width=\"1152\" height=\"648\" src=\"https:\/\/prolavage.fr\/wp-content\/uploads\/2022\/09\/Ext-Angers-comp-8.jpg\" class=\"attachment-full size-full wp-image-1284\" alt=\"\" srcset=\"https:\/\/prolavage.fr\/wp-content\/uploads\/2022\/09\/Ext-Angers-comp-8.jpg 1152w, https:\/\/prolavage.fr\/wp-content\/uploads\/2022\/09\/Ext-Angers-comp-8-300x169.jpg 300w, https:\/\/prolavage.fr\/wp-content\/uploads\/2022\/09\/Ext-Angers-comp-8-1024x576.jpg 1024w, https:\/\/prolavage.fr\/wp-content\/uploads\/2022\/09\/Ext-Angers-comp-8-768x432.jpg 768w\" sizes=\"(max-width: 1152px) 100vw, 1152px\" \/>\t\t\t\t\t\t\t\t\t\t\t\t\t\t\t<\/div>\n\t\t\t\t<div class=\"elementor-element elementor-element-a21e930 elementor-widget elementor-widget-image\" data-id=\"a21e930\" data-element_type=\"widget\" data-widget_type=\"image.default\">\n\t\t\t\t\t\t\t\t\t\t\t\t\t\t\t<img loading=\"lazy\" decoding=\"async\" width=\"1296\" height=\"730\" src=\"https:\/\/prolavage.fr\/wp-content\/uploads\/2022\/09\/Ext-Angers-comp-58.jpg\" class=\"attachment-full size-full wp-image-1288\" alt=\"\" srcset=\"https:\/\/prolavage.fr\/wp-content\/uploads\/2022\/09\/Ext-Angers-comp-58.jpg 1296w, https:\/\/prolavage.fr\/wp-content\/uploads\/2022\/09\/Ext-Angers-comp-58-300x169.jpg 300w, https:\/\/prolavage.fr\/wp-content\/uploads\/2022\/09\/Ext-Angers-comp-58-1024x577.jpg 1024w, https:\/\/prolavage.fr\/wp-content\/uploads\/2022\/09\/Ext-Angers-comp-58-768x433.jpg 768w\" sizes=\"(max-width: 1296px) 100vw, 1296px\" \/>\t\t\t\t\t\t\t\t\t\t\t\t\t\t\t<\/div>\n\t\t\t\t<div class=\"elementor-element elementor-element-f65297f elementor-widget elementor-widget-image\" data-id=\"f65297f\" data-element_type=\"widget\" data-widget_type=\"image.default\">\n\t\t\t\t\t\t\t\t\t\t\t\t\t\t\t<img loading=\"lazy\" decoding=\"async\" width=\"1556\" height=\"876\" src=\"https:\/\/prolavage.fr\/wp-content\/uploads\/2022\/09\/2022-09-Cholet-lav-ext-comp-51.jpg\" class=\"attachment-full size-full wp-image-1393\" alt=\"Lavage ext\u00e9rieur\" srcset=\"https:\/\/prolavage.fr\/wp-content\/uploads\/2022\/09\/2022-09-Cholet-lav-ext-comp-51.jpg 1556w, https:\/\/prolavage.fr\/wp-content\/uploads\/2022\/09\/2022-09-Cholet-lav-ext-comp-51-300x169.jpg 300w, https:\/\/prolavage.fr\/wp-content\/uploads\/2022\/09\/2022-09-Cholet-lav-ext-comp-51-1024x576.jpg 1024w, https:\/\/prolavage.fr\/wp-content\/uploads\/2022\/09\/2022-09-Cholet-lav-ext-comp-51-768x432.jpg 768w, https:\/\/prolavage.fr\/wp-content\/uploads\/2022\/09\/2022-09-Cholet-lav-ext-comp-51-1536x865.jpg 1536w\" sizes=\"(max-width: 1556px) 100vw, 1556px\" \/>\t\t\t\t\t\t\t\t\t\t\t\t\t\t\t<\/div>\n\t\t\t\t<div class=\"elementor-element elementor-element-ee5aa57 elementor-widget elementor-widget-image\" data-id=\"ee5aa57\" data-element_type=\"widget\" data-widget_type=\"image.default\">\n\t\t\t\t\t\t\t\t\t\t\t\t\t\t\t<img loading=\"lazy\" decoding=\"async\" width=\"1642\" height=\"924\" src=\"https:\/\/prolavage.fr\/wp-content\/uploads\/2022\/09\/Ext-Angers-comp-15.jpg\" class=\"attachment-full size-full wp-image-1315\" alt=\"\" srcset=\"https:\/\/prolavage.fr\/wp-content\/uploads\/2022\/09\/Ext-Angers-comp-15.jpg 1642w, https:\/\/prolavage.fr\/wp-content\/uploads\/2022\/09\/Ext-Angers-comp-15-300x169.jpg 300w, https:\/\/prolavage.fr\/wp-content\/uploads\/2022\/09\/Ext-Angers-comp-15-1024x576.jpg 1024w, https:\/\/prolavage.fr\/wp-content\/uploads\/2022\/09\/Ext-Angers-comp-15-768x432.jpg 768w, https:\/\/prolavage.fr\/wp-content\/uploads\/2022\/09\/Ext-Angers-comp-15-1536x864.jpg 1536w\" sizes=\"(max-width: 1642px) 100vw, 1642px\" \/>\t\t\t\t\t\t\t\t\t\t\t\t\t\t\t<\/div>\n\t\t\t\t<\/div>\n\t\t<div class=\"elementor-element elementor-element-c9ff1fa e-con-full e-flex e-con e-child\" data-id=\"c9ff1fa\" data-element_type=\"container\" data-settings=\"{&quot;background_background&quot;:&quot;classic&quot;}\">\n\t\t<div class=\"elementor-element elementor-element-ec47ed9 e-con-full e-flex e-con e-child\" data-id=\"ec47ed9\" data-element_type=\"container\">\n\t\t\t\t<div class=\"elementor-element elementor-element-25ddcc0 elementor-widget elementor-widget-heading\" data-id=\"25ddcc0\" data-element_type=\"widget\" data-widget_type=\"heading.default\">\n\t\t\t\t\t<span class=\"elementor-heading-title elementor-size-default\">Ich m\u00f6chte weitere Informationen<\/span>\t\t\t\t<\/div>\n\t\t\t\t<div class=\"elementor-element elementor-element-f2ccc07 elementor-mobile-align-center elementor-widget elementor-widget-button\" data-id=\"f2ccc07\" data-element_type=\"widget\" data-widget_type=\"button.default\">\n\t\t\t\t\t\t\t\t\t\t<a class=\"elementor-button elementor-button-link elementor-size-sm\" href=\"https:\/\/prolavage.fr\/contact\/\">\n\t\t\t\t\t\t<span class=\"elementor-button-content-wrapper\">\n\t\t\t\t\t\t\t\t\t<span class=\"elementor-button-text\">Kontakt aufnehmen<\/span>\n\t\t\t\t\t<\/span>\n\t\t\t\t\t<\/a>\n\t\t\t\t\t\t\t\t<\/div>\n\t\t\t\t<\/div>\n\t\t\t\t<\/div>\n\t\t\t\t\t<\/div>\n\t\t\t\t<\/div>\n\t\t\t\t<\/div>\n\t\t","protected":false},"excerpt":{"rendered":"<p>Au\u00dfenreinigung allerlei Fahrzeuge Au\u00dfenreinigung allerlei Fahrzeuge\u00a0: LKW, Schlepper, Tanks und Silos. Ich m\u00f6chte weitere Informationen Kontakt aufnehmen<\/p>\n","protected":false},"author":4,"featured_media":0,"parent":0,"menu_order":0,"comment_status":"closed","ping_status":"closed","template":"","meta":{"footnotes":""},"class_list":["post-810","page","type-page","status-publish","hentry"],"featured_image_urls_v2":{"full":"","thumbnail":"","medium":"","medium_large":"","large":"","1536x1536":"","2048x2048":""},"post_excerpt_stackable_v2":"<p>Au\u00dfenreinigung allerlei Fahrzeuge Au\u00dfenreinigung allerlei Fahrzeuge\u00a0: LKW, Schlepper, Tanks und Silos. Ich m\u00f6chte weitere Informationen Kontakt aufnehmen<\/p>\n","category_list_v2":"","author_info_v2":{"name":"Ub28dHne","url":"https:\/\/prolavage.fr\/de\/author\/ub28dhne\/"},"comments_num_v2":"0 comments","yoast_head":"<!-- This site is optimized with the Yoast SEO plugin v25.1 - https:\/\/yoast.com\/wordpress\/plugins\/seo\/ -->\n<title>Au\u00dfenreinigung - Prolavage<\/title>\n<meta name=\"description\" content=\"Au\u00dfenw\u00e4sche von Lastkraftwagen, Lastkraftwagen, Sattelschleppern, Tanks in Cholet und Angers. Portalw\u00e4sche und Hochdruck.\" \/>\n<meta name=\"robots\" content=\"index, follow, max-snippet:-1, max-image-preview:large, max-video-preview:-1\" \/>\n<link rel=\"canonical\" href=\"https:\/\/prolavage.fr\/lavage-exterieur\/\" \/>\n<meta property=\"og:locale\" content=\"de_DE\" \/>\n<meta property=\"og:type\" content=\"article\" \/>\n<meta property=\"og:title\" content=\"Au\u00dfenreinigung - Prolavage\" \/>\n<meta property=\"og:description\" content=\"Au\u00dfenw\u00e4sche von Lastkraftwagen, Lastkraftwagen, Sattelschleppern, Tanks in Cholet und Angers. Portalw\u00e4sche und Hochdruck.\" \/>\n<meta property=\"og:url\" content=\"https:\/\/prolavage.fr\/lavage-exterieur\/\" \/>\n<meta property=\"og:site_name\" content=\"Prolavage\" \/>\n<meta property=\"article:modified_time\" content=\"2025-08-26T10:20:04+00:00\" \/>\n<meta property=\"og:image\" content=\"https:\/\/prolavage.fr\/wp-content\/uploads\/2022\/09\/Ext-Angers-comp-27.jpg\" \/>\n\t<meta property=\"og:image:width\" content=\"1642\" \/>\n\t<meta property=\"og:image:height\" content=\"924\" \/>\n\t<meta property=\"og:image:type\" content=\"image\/jpeg\" \/>\n<meta name=\"twitter:card\" content=\"summary_large_image\" \/>\n<meta name=\"twitter:label1\" content=\"Gesch\u00e4tzte Lesezeit\" \/>\n\t<meta name=\"twitter:data1\" content=\"1\u00a0Minute\" \/>\n<script type=\"application\/ld+json\" class=\"yoast-schema-graph\">{\"@context\":\"https:\/\/schema.org\",\"@graph\":[{\"@type\":\"WebPage\",\"@id\":\"https:\/\/prolavage.fr\/lavage-exterieur\/\",\"url\":\"https:\/\/prolavage.fr\/lavage-exterieur\/\",\"name\":\"Au\u00dfenreinigung - Prolavage\",\"isPartOf\":{\"@id\":\"https:\/\/prolavage.fr\/#website\"},\"primaryImageOfPage\":{\"@id\":\"https:\/\/prolavage.fr\/lavage-exterieur\/#primaryimage\"},\"image\":{\"@id\":\"https:\/\/prolavage.fr\/lavage-exterieur\/#primaryimage\"},\"thumbnailUrl\":\"https:\/\/prolavage.fr\/wp-content\/uploads\/2022\/09\/Ext-Angers-comp-27.jpg\",\"datePublished\":\"2022-02-23T13:31:58+00:00\",\"dateModified\":\"2025-08-26T10:20:04+00:00\",\"description\":\"Au\u00dfenw\u00e4sche von Lastkraftwagen, Lastkraftwagen, Sattelschleppern, Tanks in Cholet und Angers. Portalw\u00e4sche und Hochdruck.\",\"breadcrumb\":{\"@id\":\"https:\/\/prolavage.fr\/lavage-exterieur\/#breadcrumb\"},\"inLanguage\":\"de\",\"potentialAction\":[{\"@type\":\"ReadAction\",\"target\":[\"https:\/\/prolavage.fr\/lavage-exterieur\/\"]}]},{\"@type\":\"ImageObject\",\"inLanguage\":\"de\",\"@id\":\"https:\/\/prolavage.fr\/lavage-exterieur\/#primaryimage\",\"url\":\"https:\/\/prolavage.fr\/wp-content\/uploads\/2022\/09\/Ext-Angers-comp-27.jpg\",\"contentUrl\":\"https:\/\/prolavage.fr\/wp-content\/uploads\/2022\/09\/Ext-Angers-comp-27.jpg\"},{\"@type\":\"BreadcrumbList\",\"@id\":\"https:\/\/prolavage.fr\/lavage-exterieur\/#breadcrumb\",\"itemListElement\":[{\"@type\":\"ListItem\",\"position\":1,\"name\":\"Accueil\",\"item\":\"https:\/\/prolavage.fr\/de\/\"},{\"@type\":\"ListItem\",\"position\":2,\"name\":\"Au\u00dfenreinigung\"}]},{\"@type\":\"WebSite\",\"@id\":\"https:\/\/prolavage.fr\/#website\",\"url\":\"https:\/\/prolavage.fr\/\",\"name\":\"Prolavage\",\"description\":\"Lavage de v\u00e9hicule poids lourds\",\"publisher\":{\"@id\":\"https:\/\/prolavage.fr\/#organization\"},\"potentialAction\":[{\"@type\":\"SearchAction\",\"target\":{\"@type\":\"EntryPoint\",\"urlTemplate\":\"https:\/\/prolavage.fr\/?s={search_term_string}\"},\"query-input\":{\"@type\":\"PropertyValueSpecification\",\"valueRequired\":true,\"valueName\":\"search_term_string\"}}],\"inLanguage\":\"de\"},{\"@type\":\"Organization\",\"@id\":\"https:\/\/prolavage.fr\/#organization\",\"name\":\"Prolavage\",\"url\":\"https:\/\/prolavage.fr\/\",\"logo\":{\"@type\":\"ImageObject\",\"inLanguage\":\"de\",\"@id\":\"https:\/\/prolavage.fr\/#\/schema\/logo\/image\/\",\"url\":\"https:\/\/prolavage.fr\/wp-content\/uploads\/2021\/10\/logo-prolavage.jpg\",\"contentUrl\":\"https:\/\/prolavage.fr\/wp-content\/uploads\/2021\/10\/logo-prolavage.jpg\",\"width\":288,\"height\":80,\"caption\":\"Prolavage\"},\"image\":{\"@id\":\"https:\/\/prolavage.fr\/#\/schema\/logo\/image\/\"}}]}<\/script>\n<!-- \/ Yoast SEO plugin. -->","yoast_head_json":{"title":"Au\u00dfenreinigung - Prolavage","description":"Au\u00dfenw\u00e4sche von Lastkraftwagen, Lastkraftwagen, Sattelschleppern, Tanks in Cholet und Angers. Portalw\u00e4sche und Hochdruck.","robots":{"index":"index","follow":"follow","max-snippet":"max-snippet:-1","max-image-preview":"max-image-preview:large","max-video-preview":"max-video-preview:-1"},"canonical":"https:\/\/prolavage.fr\/lavage-exterieur\/","og_locale":"de_DE","og_type":"article","og_title":"Au\u00dfenreinigung - Prolavage","og_description":"Au\u00dfenw\u00e4sche von Lastkraftwagen, Lastkraftwagen, Sattelschleppern, Tanks in Cholet und Angers. Portalw\u00e4sche und Hochdruck.","og_url":"https:\/\/prolavage.fr\/lavage-exterieur\/","og_site_name":"Prolavage","article_modified_time":"2025-08-26T10:20:04+00:00","og_image":[{"width":1642,"height":924,"url":"https:\/\/prolavage.fr\/wp-content\/uploads\/2022\/09\/Ext-Angers-comp-27.jpg","type":"image\/jpeg"}],"twitter_card":"summary_large_image","twitter_misc":{"Gesch\u00e4tzte Lesezeit":"1\u00a0Minute"},"schema":{"@context":"https:\/\/schema.org","@graph":[{"@type":"WebPage","@id":"https:\/\/prolavage.fr\/lavage-exterieur\/","url":"https:\/\/prolavage.fr\/lavage-exterieur\/","name":"Au\u00dfenreinigung - Prolavage","isPartOf":{"@id":"https:\/\/prolavage.fr\/#website"},"primaryImageOfPage":{"@id":"https:\/\/prolavage.fr\/lavage-exterieur\/#primaryimage"},"image":{"@id":"https:\/\/prolavage.fr\/lavage-exterieur\/#primaryimage"},"thumbnailUrl":"https:\/\/prolavage.fr\/wp-content\/uploads\/2022\/09\/Ext-Angers-comp-27.jpg","datePublished":"2022-02-23T13:31:58+00:00","dateModified":"2025-08-26T10:20:04+00:00","description":"Au\u00dfenw\u00e4sche von Lastkraftwagen, Lastkraftwagen, Sattelschleppern, Tanks in Cholet und Angers. Portalw\u00e4sche und Hochdruck.","breadcrumb":{"@id":"https:\/\/prolavage.fr\/lavage-exterieur\/#breadcrumb"},"inLanguage":"de","potentialAction":[{"@type":"ReadAction","target":["https:\/\/prolavage.fr\/lavage-exterieur\/"]}]},{"@type":"ImageObject","inLanguage":"de","@id":"https:\/\/prolavage.fr\/lavage-exterieur\/#primaryimage","url":"https:\/\/prolavage.fr\/wp-content\/uploads\/2022\/09\/Ext-Angers-comp-27.jpg","contentUrl":"https:\/\/prolavage.fr\/wp-content\/uploads\/2022\/09\/Ext-Angers-comp-27.jpg"},{"@type":"BreadcrumbList","@id":"https:\/\/prolavage.fr\/lavage-exterieur\/#breadcrumb","itemListElement":[{"@type":"ListItem","position":1,"name":"Accueil","item":"https:\/\/prolavage.fr\/de\/"},{"@type":"ListItem","position":2,"name":"Au\u00dfenreinigung"}]},{"@type":"WebSite","@id":"https:\/\/prolavage.fr\/#website","url":"https:\/\/prolavage.fr\/","name":"Prolavage","description":"Lavage de v\u00e9hicule poids lourds","publisher":{"@id":"https:\/\/prolavage.fr\/#organization"},"potentialAction":[{"@type":"SearchAction","target":{"@type":"EntryPoint","urlTemplate":"https:\/\/prolavage.fr\/?s={search_term_string}"},"query-input":{"@type":"PropertyValueSpecification","valueRequired":true,"valueName":"search_term_string"}}],"inLanguage":"de"},{"@type":"Organization","@id":"https:\/\/prolavage.fr\/#organization","name":"Prolavage","url":"https:\/\/prolavage.fr\/","logo":{"@type":"ImageObject","inLanguage":"de","@id":"https:\/\/prolavage.fr\/#\/schema\/logo\/image\/","url":"https:\/\/prolavage.fr\/wp-content\/uploads\/2021\/10\/logo-prolavage.jpg","contentUrl":"https:\/\/prolavage.fr\/wp-content\/uploads\/2021\/10\/logo-prolavage.jpg","width":288,"height":80,"caption":"Prolavage"},"image":{"@id":"https:\/\/prolavage.fr\/#\/schema\/logo\/image\/"}}]}},"_links":{"self":[{"href":"https:\/\/prolavage.fr\/de\/wp-json\/wp\/v2\/pages\/810","targetHints":{"allow":["GET"]}}],"collection":[{"href":"https:\/\/prolavage.fr\/de\/wp-json\/wp\/v2\/pages"}],"about":[{"href":"https:\/\/prolavage.fr\/de\/wp-json\/wp\/v2\/types\/page"}],"author":[{"embeddable":true,"href":"https:\/\/prolavage.fr\/de\/wp-json\/wp\/v2\/users\/4"}],"replies":[{"embeddable":true,"href":"https:\/\/prolavage.fr\/de\/wp-json\/wp\/v2\/comments?post=810"}],"version-history":[{"count":3,"href":"https:\/\/prolavage.fr\/de\/wp-json\/wp\/v2\/pages\/810\/revisions"}],"predecessor-version":[{"id":2472,"href":"https:\/\/prolavage.fr\/de\/wp-json\/wp\/v2\/pages\/810\/revisions\/2472"}],"wp:attachment":[{"href":"https:\/\/prolavage.fr\/de\/wp-json\/wp\/v2\/media?parent=810"}],"curies":[{"name":"wp","href":"https:\/\/api.w.org\/{rel}","templated":true}]}}