{"id":768,"date":"2022-02-23T10:23:21","date_gmt":"2022-02-23T09:23:21","guid":{"rendered":"https:\/\/prolavage.fr\/bienvenida\/"},"modified":"2022-03-10T20:03:26","modified_gmt":"2022-03-10T19:03:26","slug":"bienvenida","status":"publish","type":"page","link":"https:\/\/prolavage.fr\/es\/","title":{"rendered":"Bienvenida"},"content":{"rendered":"\n<div class=\"wp-block-stackable-hero stk-block-hero stk-block stk-e3e426c\" data-block-id=\"e3e426c\"><style>.stk-e3e426c-container{background-image:url(https:\/\/prolavage.fr\/wp-content\/uploads\/2021\/10\/prolavage.mp4) !important}.stk-e3e426c .stk-block-hero__content{min-height:600px !important;display:flex !important}.stk-e3e426c .stk-block-hero__content{align-items:flex-end !important}<\/style><div class=\"stk-block-hero__content stk-content-align stk-e3e426c-column stk-container stk-e3e426c-container stk-hover-parent stk--has-background-overlay\"><div class=\"stk-block-content stk-inner-blocks has-text-align-center\">\n<div class=\"wp-block-stackable-heading stk-block-heading stk-block stk-7d8723e stk-block-background\" data-block-id=\"7d8723e\"><style>.stk-7d8723e{background-color:rgba(0,0,0,0.7) !important}.stk-7d8723e:before{background-color:#000000 !important}.stk-7d8723e{display:flex !important}.stk-7d8723e{justify-content:flex-end !important;flex-direction:column !important}<\/style><h1 class=\"stk-block-heading__text has-text-align-center\"><span style=\"color: #ffffff;\" class=\"stk-highlight\">Lavado de cami\u00f3nes y cisternas en Cholet y Angers<\/span><\/h1><\/div>\n<\/div><video class=\"stk-video-background\" autoplay muted loop playsinline src=\"https:\/\/prolavage.fr\/wp-content\/uploads\/2021\/10\/prolavage.mp4\"><\/video><\/div><\/div>\n\n\n\n<div class=\"wp-block-ugb-container ugb-container container ugb-adc9d38 ugb-container--v2 ugb-container--design-image3 ugb-container--collapse-on-mobile ugb-main-block\"><style>.ugb-adc9d38-wrapper.ugb-container__wrapper{border-radius:0px !important}.ugb-adc9d38-wrapper > .ugb-container__image{background-image:url(https:\/\/prolavage.fr\/wp-content\/uploads\/2021\/10\/Screenshot_2.jpg);width:33% !important}@media screen and (max-width:768px){.ugb-adc9d38-wrapper > .ugb-container__image{height:300px !important}}<\/style><div class=\"ugb-inner-block\"><div class=\"ugb-block-content\"><div class=\"ugb-container__wrapper ugb-adc9d38-wrapper\"><div class=\"ugb-container__image\"><\/div><div class=\"ugb-container__side\"><div class=\"ugb-container__content-wrapper ugb-adc9d38-content-wrapper\">\n<p>Realizamos el <strong>lavado exterior<\/strong> de sus <strong>veh\u00edculos pesados, semirremolques, remolques de cami\u00f3n y veh\u00edculos utilitarios.<\/strong><\/p>\n\n\n\n<p>Tambi\u00e9n realizamos sus <strong>interiores de frigor\u00edficos, contenedores, dep\u00f3sitos,<\/strong> con agua clara, detergente y\/o desinfectante alimentario. <\/p>\n\n\n\n<p>Para los dep\u00f3sitos disponemos de secado por aire caliente filtrado est\u00e1ndar alimentario.<\/p>\n\n\n\n<p>Posibilidad de test de PH y Al\u00e9rgenos (ATP)<\/p>\n\n\n\n<p>Nuestros operadores est\u00e1n capacitados en el uso de materiales y productos as\u00ed como en las normas alimentarias HACCP para su tranquilidad.<\/p>\n\n\n\n<figure class=\"wp-block-gallery columns-8 is-cropped wp-block-gallery-1 is-layout-flex wp-block-gallery-is-layout-flex\"><ul class=\"blocks-gallery-grid\"><li class=\"blocks-gallery-item\"><figure><img decoding=\"async\" width=\"120\" height=\"61\" src=\"https:\/\/prolavage.fr\/wp-content\/uploads\/2022\/02\/01.jpg\" alt=\"\" data-id=\"840\" data-link=\"https:\/\/prolavage.fr\/accueil\/attachment\/01\/\" class=\"wp-image-840\"\/><\/figure><\/li><li class=\"blocks-gallery-item\"><figure><img decoding=\"async\" width=\"120\" height=\"61\" src=\"https:\/\/prolavage.fr\/wp-content\/uploads\/2022\/02\/02.jpg\" alt=\"\" data-id=\"844\" data-link=\"https:\/\/prolavage.fr\/accueil\/attachment\/02\/\" class=\"wp-image-844\"\/><\/figure><\/li><li class=\"blocks-gallery-item\"><figure><img decoding=\"async\" width=\"120\" height=\"61\" src=\"https:\/\/prolavage.fr\/wp-content\/uploads\/2022\/02\/03.jpg\" alt=\"\" data-id=\"848\" data-link=\"https:\/\/prolavage.fr\/accueil\/attachment\/03\/\" class=\"wp-image-848\"\/><\/figure><\/li><li class=\"blocks-gallery-item\"><figure><img loading=\"lazy\" decoding=\"async\" width=\"120\" height=\"61\" src=\"https:\/\/prolavage.fr\/wp-content\/uploads\/2022\/02\/04.jpg\" alt=\"\" data-id=\"852\" data-link=\"https:\/\/prolavage.fr\/accueil\/attachment\/04\/\" class=\"wp-image-852\"\/><\/figure><\/li><li class=\"blocks-gallery-item\"><figure><img loading=\"lazy\" decoding=\"async\" width=\"120\" height=\"61\" src=\"https:\/\/prolavage.fr\/wp-content\/uploads\/2022\/02\/05.jpg\" alt=\"\" data-id=\"856\" data-link=\"https:\/\/prolavage.fr\/accueil\/attachment\/05\/\" class=\"wp-image-856\"\/><\/figure><\/li><li class=\"blocks-gallery-item\"><figure><img loading=\"lazy\" decoding=\"async\" width=\"120\" height=\"61\" src=\"https:\/\/prolavage.fr\/wp-content\/uploads\/2022\/02\/06.jpg\" alt=\"\" data-id=\"860\" data-link=\"https:\/\/prolavage.fr\/accueil\/attachment\/06\/\" class=\"wp-image-860\"\/><\/figure><\/li><li class=\"blocks-gallery-item\"><figure><img loading=\"lazy\" decoding=\"async\" width=\"120\" height=\"61\" src=\"https:\/\/prolavage.fr\/wp-content\/uploads\/2022\/02\/07.jpg\" alt=\"\" data-id=\"864\" data-link=\"https:\/\/prolavage.fr\/accueil\/attachment\/07\/\" class=\"wp-image-864\"\/><\/figure><\/li><li class=\"blocks-gallery-item\"><figure><img loading=\"lazy\" decoding=\"async\" width=\"120\" height=\"61\" src=\"https:\/\/prolavage.fr\/wp-content\/uploads\/2022\/02\/08.jpg\" alt=\"\" data-id=\"868\" data-link=\"https:\/\/prolavage.fr\/accueil\/attachment\/08\/\" class=\"wp-image-868\"\/><\/figure><\/li><\/ul><\/figure>\n<\/div><\/div><\/div><\/div><\/div><\/div>\n\n\n\n<div class=\"wp-block-stackable-feature-grid alignfull is-style-default container stk-block-feature-grid stk-block-columns stk-block stk-19d812c\" data-block-id=\"19d812c\"><div class=\"stk-row stk-inner-blocks has-text-align-center stk-block-content stk-content-align stk-19d812c-column alignfull\">\n<div class=\"wp-block-stackable-column stk-block-column stk-column stk-block stk-74a05fc stk-entrance\" data-block-id=\"74a05fc\"><style>.stk-74a05fc{--entrance-transform:scale(2.25) !important}<\/style><div class=\"stk-column-wrapper stk-block-column__content stk-container stk-74a05fc-container stk-hover-parent\"><div class=\"stk-block-content stk-inner-blocks\">\n<div class=\"wp-block-stackable-image stk-block-image stk-block stk-8bb82b6\" data-block-id=\"8bb82b6\"><style>.stk-8bb82b6 .stk-img-wrapper{height:240px !important}<\/style><figure class=\"stk-img-wrapper stk-image--shape-stretch\"><img loading=\"lazy\" decoding=\"async\" class=\"stk-img wp-image-242\" src=\"https:\/\/prolavage.fr\/wp-content\/uploads\/2021\/12\/prolavage-cholet.jpg\" width=\"1256\" height=\"776\" srcset=\"https:\/\/prolavage.fr\/wp-content\/uploads\/2021\/12\/prolavage-cholet.jpg 1256w, https:\/\/prolavage.fr\/wp-content\/uploads\/2021\/12\/prolavage-cholet-300x185.jpg 300w, https:\/\/prolavage.fr\/wp-content\/uploads\/2021\/12\/prolavage-cholet-1024x633.jpg 1024w, https:\/\/prolavage.fr\/wp-content\/uploads\/2021\/12\/prolavage-cholet-768x474.jpg 768w\" sizes=\"(max-width: 1256px) 100vw, 1256px\" \/><\/figure><\/div>\n\n\n\n<div class=\"wp-block-stackable-button-group stk-block-button-group stk-block stk-6df7c57\" data-block-id=\"6df7c57\"><div class=\"stk-row stk-inner-blocks stk-block-content stk-button-group\">\n<div class=\"wp-block-stackable-button stk-block-button is-style-plain stk-block stk-00a2723\" data-block-id=\"00a2723\"><style>.stk-00a2723 .stk-button{background:var(--stk-global-color-89069,#1a1569) !important}.stk-00a2723 .stk-button .stk--inner-svg svg:last-child,.stk-00a2723 .stk-button .stk--inner-svg svg:last-child :is(g,path,rect,polygon,ellipse){fill:#ffffff !important}.stk-00a2723 .stk-button__inner-text{color:#ffffff !important}<\/style><a class=\"stk-link stk-button stk--hover-effect-darken\" href=\"https:\/\/prolavage.fr\/es\/lavado-de-camiones-cholet\/\"><span class=\"stk--svg-wrapper\"><div class=\"stk--inner-svg\"><svg aria-hidden=\"true\" focusable=\"false\" data-prefix=\"far\" data-icon=\"arrow-alt-circle-right\" class=\"svg-inline--fa fa-arrow-alt-circle-right fa-w-16\" xmlns=\"http:\/\/www.w3.org\/2000\/svg\" viewBox=\"0 0 512 512\" width=\"32\" height=\"32\"><path fill=\"currentColor\" d=\"M504 256C504 119 393 8 256 8S8 119 8 256s111 248 248 248 248-111 248-248zm-448 0c0-110.5 89.5-200 200-200s200 89.5 200 200-89.5 200-200 200S56 366.5 56 256zm72 20v-40c0-6.6 5.4-12 12-12h116v-67c0-10.7 12.9-16 20.5-8.5l99 99c4.7 4.7 4.7 12.3 0 17l-99 99c-7.6 7.6-20.5 2.2-20.5-8.5v-67H140c-6.6 0-12-5.4-12-12z\"><\/path><\/svg><\/div><\/span><span class=\"has-text-color has-white-color stk-button__inner-text\">Estaci\u00f3n de lavado<br>de Cholet<\/span><\/a><\/div>\n<\/div><\/div>\n<\/div><\/div><\/div>\n\n\n\n<div class=\"wp-block-stackable-column stk-block-column stk-column stk-block stk-6084e73 stk-entrance\" data-block-id=\"6084e73\"><style>.stk-6084e73{--entrance-transform:scale(2.25) !important}<\/style><div class=\"stk-column-wrapper stk-block-column__content stk-container stk-6084e73-container stk-hover-parent\"><div class=\"stk-block-content stk-inner-blocks\">\n<div class=\"wp-block-stackable-image stk-block-image stk-block stk-a29a2b3\" data-block-id=\"a29a2b3\"><style>.stk-a29a2b3 .stk-img-wrapper{height:240px !important}<\/style><figure class=\"stk-img-wrapper stk-image--shape-stretch\"><img loading=\"lazy\" decoding=\"async\" class=\"stk-img wp-image-238\" src=\"https:\/\/prolavage.fr\/wp-content\/uploads\/2021\/12\/prolavage-angers.jpg\" width=\"1442\" height=\"866\" srcset=\"https:\/\/prolavage.fr\/wp-content\/uploads\/2021\/12\/prolavage-angers.jpg 1442w, https:\/\/prolavage.fr\/wp-content\/uploads\/2021\/12\/prolavage-angers-300x180.jpg 300w, https:\/\/prolavage.fr\/wp-content\/uploads\/2021\/12\/prolavage-angers-1024x615.jpg 1024w, https:\/\/prolavage.fr\/wp-content\/uploads\/2021\/12\/prolavage-angers-768x461.jpg 768w\" sizes=\"(max-width: 1442px) 100vw, 1442px\" \/><\/figure><\/div>\n\n\n\n<div class=\"wp-block-stackable-button-group stk-block-button-group stk-block stk-bd84146\" data-block-id=\"bd84146\"><div class=\"stk-row stk-inner-blocks stk-block-content stk-button-group\">\n<div class=\"wp-block-stackable-button stk-block-button is-style-plain stk-block stk-3ca92ab\" data-block-id=\"3ca92ab\"><style>.stk-3ca92ab .stk-button{background:var(--stk-global-color-89069,#1a1569) !important}.stk-3ca92ab .stk-button .stk--inner-svg svg:last-child,.stk-3ca92ab .stk-button .stk--inner-svg svg:last-child :is(g,path,rect,polygon,ellipse){fill:#ffffff !important}.stk-3ca92ab .stk-button__inner-text{color:#ffffff !important}<\/style><a class=\"stk-link stk-button stk--hover-effect-darken\" href=\"https:\/\/prolavage.fr\/es\/lavado-de-camiones-angers\/\"><span class=\"stk--svg-wrapper\"><div class=\"stk--inner-svg\"><svg aria-hidden=\"true\" focusable=\"false\" data-prefix=\"far\" data-icon=\"arrow-alt-circle-right\" class=\"svg-inline--fa fa-arrow-alt-circle-right fa-w-16\" xmlns=\"http:\/\/www.w3.org\/2000\/svg\" viewBox=\"0 0 512 512\" width=\"32\" height=\"32\"><path fill=\"currentColor\" d=\"M504 256C504 119 393 8 256 8S8 119 8 256s111 248 248 248 248-111 248-248zm-448 0c0-110.5 89.5-200 200-200s200 89.5 200 200-89.5 200-200 200S56 366.5 56 256zm72 20v-40c0-6.6 5.4-12 12-12h116v-67c0-10.7 12.9-16 20.5-8.5l99 99c4.7 4.7 4.7 12.3 0 17l-99 99c-7.6 7.6-20.5 2.2-20.5-8.5v-67H140c-6.6 0-12-5.4-12-12z\"><\/path><\/svg><\/div><\/span><span class=\"has-text-color has-white-color stk-button__inner-text\">  Estaci\u00f3n de lavado <br>de Angers<\/span><\/a><\/div>\n<\/div><\/div>\n<\/div><\/div><\/div>\n\n\n\n<div class=\"wp-block-stackable-column stk-block-column stk-column stk-block stk-4034b93 stk-entrance\" data-block-id=\"4034b93\"><style>.stk-4034b93{--entrance-transform:scale(2.25) !important}<\/style><div class=\"stk-column-wrapper stk-block-column__content stk-container stk-4034b93-container stk-hover-parent\"><div class=\"stk-block-content stk-inner-blocks\">\n<div class=\"wp-block-stackable-image stk-block-image stk-block stk-590d8cd\" data-block-id=\"590d8cd\"><style>.stk-590d8cd .stk-img-wrapper{height:240px !important}<\/style><figure class=\"stk-img-wrapper stk-image--shape-stretch\"><img loading=\"lazy\" decoding=\"async\" class=\"stk-img wp-image-246\" src=\"https:\/\/prolavage.fr\/wp-content\/uploads\/2021\/12\/prolavage-qualite.jpg\" width=\"698\" height=\"444\" srcset=\"https:\/\/prolavage.fr\/wp-content\/uploads\/2021\/12\/prolavage-qualite.jpg 698w, https:\/\/prolavage.fr\/wp-content\/uploads\/2021\/12\/prolavage-qualite-300x191.jpg 300w\" sizes=\"(max-width: 698px) 100vw, 698px\" \/><\/figure><\/div>\n\n\n\n<div class=\"wp-block-stackable-button-group stk-block-button-group stk-block stk-738f639\" data-block-id=\"738f639\"><div class=\"stk-row stk-inner-blocks stk-block-content stk-button-group\">\n<div class=\"wp-block-stackable-button stk-block-button is-style-plain stk-block stk-2a43d33\" data-block-id=\"2a43d33\"><style>.stk-2a43d33 .stk-button{background:var(--stk-global-color-89069,#1a1569) !important}.stk-2a43d33 .stk-button .stk--inner-svg svg:last-child,.stk-2a43d33 .stk-button .stk--inner-svg svg:last-child :is(g,path,rect,polygon,ellipse){fill:#ffffff !important}.stk-2a43d33 .stk-button__inner-text{color:#ffffff !important}<\/style><a class=\"stk-link stk-button stk--hover-effect-darken\" href=\"https:\/\/prolavage.fr\/es\/nuestros-certificados\/\"><span class=\"stk--svg-wrapper\"><div class=\"stk--inner-svg\"><svg aria-hidden=\"true\" focusable=\"false\" data-prefix=\"far\" data-icon=\"arrow-alt-circle-right\" class=\"svg-inline--fa fa-arrow-alt-circle-right fa-w-16\" xmlns=\"http:\/\/www.w3.org\/2000\/svg\" viewBox=\"0 0 512 512\" width=\"32\" height=\"32\"><path fill=\"currentColor\" d=\"M504 256C504 119 393 8 256 8S8 119 8 256s111 248 248 248 248-111 248-248zm-448 0c0-110.5 89.5-200 200-200s200 89.5 200 200-89.5 200-200 200S56 366.5 56 256zm72 20v-40c0-6.6 5.4-12 12-12h116v-67c0-10.7 12.9-16 20.5-8.5l99 99c4.7 4.7 4.7 12.3 0 17l-99 99c-7.6 7.6-20.5 2.2-20.5-8.5v-67H140c-6.6 0-12-5.4-12-12z\"><\/path><\/svg><\/div><\/span><span class=\"has-text-color has-white-color stk-button__inner-text\"> Certificaciones <br>y aprobaciones<\/span><\/a><\/div>\n<\/div><\/div>\n<\/div><\/div><\/div>\n<\/div><\/div>\n\n\n\n<div class=\"wp-block-columns container is-layout-flex wp-container-core-columns-is-layout-9d6595d7 wp-block-columns-is-layout-flex\">\n<div class=\"wp-block-column is-layout-flow wp-block-column-is-layout-flow\">\n<div class=\"wp-block-image\"><figure class=\"aligncenter size-full\"><img loading=\"lazy\" decoding=\"async\" width=\"250\" height=\"150\" src=\"https:\/\/prolavage.fr\/wp-content\/uploads\/2021\/10\/certification-prolavage-qualimat.jpg\" alt=\"\" class=\"wp-image-197\"\/><\/figure><\/div>\n<\/div>\n\n\n\n<div class=\"wp-block-column is-layout-flow wp-block-column-is-layout-flow\">\n<div class=\"wp-block-image\"><figure class=\"aligncenter size-full is-resized\"><img loading=\"lazy\" decoding=\"async\" src=\"https:\/\/prolavage.fr\/wp-content\/uploads\/2021\/10\/certification-prolavage-tereos.jpg\" alt=\"\" class=\"wp-image-214\" width=\"253\" height=\"152\"\/><\/figure><\/div>\n<\/div>\n\n\n\n<div class=\"wp-block-column is-layout-flow wp-block-column-is-layout-flow\">\n<div class=\"wp-block-image\"><figure class=\"aligncenter size-full\"><img loading=\"lazy\" decoding=\"async\" width=\"250\" height=\"150\" src=\"https:\/\/prolavage.fr\/wp-content\/uploads\/2021\/10\/certification-prolavage-cristalco.jpg\" alt=\"\" class=\"wp-image-209\"\/><\/figure><\/div>\n<\/div>\n\n\n\n<div class=\"wp-block-column is-layout-flow wp-block-column-is-layout-flow\">\n<div class=\"wp-block-image\"><figure class=\"aligncenter size-full is-resized\"><img loading=\"lazy\" decoding=\"async\" src=\"https:\/\/prolavage.fr\/wp-content\/uploads\/2021\/10\/certification-prolavage-igreca.jpg\" alt=\"\" class=\"wp-image-205\" width=\"202\" height=\"121\"\/><\/figure><\/div>\n<\/div>\n\n\n\n<div class=\"wp-block-column is-layout-flow wp-block-column-is-layout-flow\">\n<div class=\"wp-block-image\"><figure class=\"aligncenter size-full\"><img loading=\"lazy\" decoding=\"async\" width=\"250\" height=\"150\" src=\"https:\/\/prolavage.fr\/wp-content\/uploads\/2022\/01\/iso22000.jpg\" alt=\"\" class=\"wp-image-335\"\/><\/figure><\/div>\n<\/div>\n<\/div>\n","protected":false},"excerpt":{"rendered":"<p>Lavado de cami\u00f3nes y cisternas en Cholet y Angers Realizamos el lavado exterior de sus veh\u00edculos pesados, semirremolques, remolques de cami\u00f3n y veh\u00edculos utilitarios. Tambi\u00e9n realizamos sus interiores de frigor\u00edficos, contenedores, dep\u00f3sitos, con agua clara, detergente y\/o desinfectante alimentario. Para los dep\u00f3sitos disponemos de secado por aire caliente filtrado est\u00e1ndar alimentario. Posibilidad de test de [&hellip;]<\/p>\n","protected":false},"author":4,"featured_media":0,"parent":0,"menu_order":0,"comment_status":"closed","ping_status":"closed","template":"","meta":{"footnotes":""},"class_list":["post-768","page","type-page","status-publish","hentry"],"featured_image_urls_v2":{"full":"","thumbnail":"","medium":"","medium_large":"","large":"","1536x1536":"","2048x2048":""},"post_excerpt_stackable_v2":"<p>Lavado de cami\u00f3nes y cisternas en Cholet y Angers Realizamos el lavado exterior de sus veh\u00edculos pesados, semirremolques, remolques de cami\u00f3n y veh\u00edculos utilitarios. Tambi\u00e9n realizamos sus interiores de frigor\u00edficos, contenedores, dep\u00f3sitos, con agua clara, detergente y\/o desinfectante alimentario. Para los dep\u00f3sitos disponemos de secado por aire caliente filtrado est\u00e1ndar alimentario. Posibilidad de test de PH y Al\u00e9rgenos (ATP) Nuestros operadores est\u00e1n capacitados en el uso de materiales y productos as\u00ed como en las normas alimentarias HACCP para su tranquilidad. Estaci\u00f3n de lavadode Cholet Estaci\u00f3n de lavado de Angers Certificaciones y aprobaciones<\/p>\n","category_list_v2":"","author_info_v2":{"name":"Ub28dHne","url":"https:\/\/prolavage.fr\/es\/author\/ub28dhne\/"},"comments_num_v2":"0 comentarios","yoast_head":"<!-- This site is optimized with the Yoast SEO plugin v25.1 - https:\/\/yoast.com\/wordpress\/plugins\/seo\/ -->\n<title>Prolavage - Lavado de camiones Angers y Cholet<\/title>\n<meta name=\"description\" content=\"Lavado exterior de veh\u00edculos pesados, camiones, semis en Cholet y Angers y lavado interior de cisternas industriales y alimentarias ISO 22000 Tereos\" \/>\n<meta name=\"robots\" content=\"index, follow, max-snippet:-1, max-image-preview:large, max-video-preview:-1\" \/>\n<link rel=\"canonical\" href=\"https:\/\/prolavage.fr\/es\/\" \/>\n<meta property=\"og:locale\" content=\"es_ES\" \/>\n<meta property=\"og:type\" content=\"article\" \/>\n<meta property=\"og:title\" content=\"Prolavage - Lavado de camiones Angers y Cholet\" \/>\n<meta property=\"og:description\" content=\"Lavado exterior de veh\u00edculos pesados, camiones, semis en Cholet y Angers y lavado interior de cisternas industriales y alimentarias ISO 22000 Tereos\" \/>\n<meta property=\"og:url\" content=\"https:\/\/prolavage.fr\/es\/\" \/>\n<meta property=\"og:site_name\" content=\"Prolavage\" \/>\n<meta property=\"article:modified_time\" content=\"2022-03-10T19:03:26+00:00\" \/>\n<meta property=\"og:image\" content=\"https:\/\/prolavage.fr\/wp-content\/uploads\/2022\/02\/01.jpg\" \/>\n<meta name=\"twitter:card\" content=\"summary_large_image\" \/>\n<meta name=\"twitter:label1\" content=\"Tiempo de lectura\" \/>\n\t<meta name=\"twitter:data1\" content=\"1 minuto\" \/>\n<script type=\"application\/ld+json\" class=\"yoast-schema-graph\">{\"@context\":\"https:\/\/schema.org\",\"@graph\":[{\"@type\":\"WebPage\",\"@id\":\"https:\/\/prolavage.fr\/es\/\",\"url\":\"https:\/\/prolavage.fr\/es\/\",\"name\":\"Prolavage - Lavado de camiones Angers y Cholet\",\"isPartOf\":{\"@id\":\"https:\/\/prolavage.fr\/#website\"},\"primaryImageOfPage\":{\"@id\":\"https:\/\/prolavage.fr\/es\/#primaryimage\"},\"image\":{\"@id\":\"https:\/\/prolavage.fr\/es\/#primaryimage\"},\"thumbnailUrl\":\"https:\/\/prolavage.fr\/wp-content\/uploads\/2022\/02\/01.jpg\",\"datePublished\":\"2022-02-23T09:23:21+00:00\",\"dateModified\":\"2022-03-10T19:03:26+00:00\",\"description\":\"Lavado exterior de veh\u00edculos pesados, camiones, semis en Cholet y Angers y lavado interior de cisternas industriales y alimentarias ISO 22000 Tereos\",\"breadcrumb\":{\"@id\":\"https:\/\/prolavage.fr\/es\/#breadcrumb\"},\"inLanguage\":\"es\",\"potentialAction\":[{\"@type\":\"ReadAction\",\"target\":[\"https:\/\/prolavage.fr\/es\/\"]}]},{\"@type\":\"ImageObject\",\"inLanguage\":\"es\",\"@id\":\"https:\/\/prolavage.fr\/es\/#primaryimage\",\"url\":\"https:\/\/prolavage.fr\/wp-content\/uploads\/2022\/02\/01.jpg\",\"contentUrl\":\"https:\/\/prolavage.fr\/wp-content\/uploads\/2022\/02\/01.jpg\"},{\"@type\":\"BreadcrumbList\",\"@id\":\"https:\/\/prolavage.fr\/es\/#breadcrumb\",\"itemListElement\":[{\"@type\":\"ListItem\",\"position\":1,\"name\":\"Accueil\",\"item\":\"https:\/\/prolavage.fr\/es\/\"},{\"@type\":\"ListItem\",\"position\":2,\"name\":\"Bienvenida\"}]},{\"@type\":\"WebSite\",\"@id\":\"https:\/\/prolavage.fr\/#website\",\"url\":\"https:\/\/prolavage.fr\/\",\"name\":\"Prolavage\",\"description\":\"Lavage de v\u00e9hicule poids lourds\",\"publisher\":{\"@id\":\"https:\/\/prolavage.fr\/#organization\"},\"potentialAction\":[{\"@type\":\"SearchAction\",\"target\":{\"@type\":\"EntryPoint\",\"urlTemplate\":\"https:\/\/prolavage.fr\/?s={search_term_string}\"},\"query-input\":{\"@type\":\"PropertyValueSpecification\",\"valueRequired\":true,\"valueName\":\"search_term_string\"}}],\"inLanguage\":\"es\"},{\"@type\":\"Organization\",\"@id\":\"https:\/\/prolavage.fr\/#organization\",\"name\":\"Prolavage\",\"url\":\"https:\/\/prolavage.fr\/\",\"logo\":{\"@type\":\"ImageObject\",\"inLanguage\":\"es\",\"@id\":\"https:\/\/prolavage.fr\/#\/schema\/logo\/image\/\",\"url\":\"https:\/\/prolavage.fr\/wp-content\/uploads\/2021\/10\/logo-prolavage.jpg\",\"contentUrl\":\"https:\/\/prolavage.fr\/wp-content\/uploads\/2021\/10\/logo-prolavage.jpg\",\"width\":288,\"height\":80,\"caption\":\"Prolavage\"},\"image\":{\"@id\":\"https:\/\/prolavage.fr\/#\/schema\/logo\/image\/\"}}]}<\/script>\n<!-- \/ Yoast SEO plugin. -->","yoast_head_json":{"title":"Prolavage - Lavado de camiones Angers y Cholet","description":"Lavado exterior de veh\u00edculos pesados, camiones, semis en Cholet y Angers y lavado interior de cisternas industriales y alimentarias ISO 22000 Tereos","robots":{"index":"index","follow":"follow","max-snippet":"max-snippet:-1","max-image-preview":"max-image-preview:large","max-video-preview":"max-video-preview:-1"},"canonical":"https:\/\/prolavage.fr\/es\/","og_locale":"es_ES","og_type":"article","og_title":"Prolavage - Lavado de camiones Angers y Cholet","og_description":"Lavado exterior de veh\u00edculos pesados, camiones, semis en Cholet y Angers y lavado interior de cisternas industriales y alimentarias ISO 22000 Tereos","og_url":"https:\/\/prolavage.fr\/es\/","og_site_name":"Prolavage","article_modified_time":"2022-03-10T19:03:26+00:00","og_image":[{"url":"https:\/\/prolavage.fr\/wp-content\/uploads\/2022\/02\/01.jpg","type":"","width":"","height":""}],"twitter_card":"summary_large_image","twitter_misc":{"Tiempo de lectura":"1 minuto"},"schema":{"@context":"https:\/\/schema.org","@graph":[{"@type":"WebPage","@id":"https:\/\/prolavage.fr\/es\/","url":"https:\/\/prolavage.fr\/es\/","name":"Prolavage - Lavado de camiones Angers y Cholet","isPartOf":{"@id":"https:\/\/prolavage.fr\/#website"},"primaryImageOfPage":{"@id":"https:\/\/prolavage.fr\/es\/#primaryimage"},"image":{"@id":"https:\/\/prolavage.fr\/es\/#primaryimage"},"thumbnailUrl":"https:\/\/prolavage.fr\/wp-content\/uploads\/2022\/02\/01.jpg","datePublished":"2022-02-23T09:23:21+00:00","dateModified":"2022-03-10T19:03:26+00:00","description":"Lavado exterior de veh\u00edculos pesados, camiones, semis en Cholet y Angers y lavado interior de cisternas industriales y alimentarias ISO 22000 Tereos","breadcrumb":{"@id":"https:\/\/prolavage.fr\/es\/#breadcrumb"},"inLanguage":"es","potentialAction":[{"@type":"ReadAction","target":["https:\/\/prolavage.fr\/es\/"]}]},{"@type":"ImageObject","inLanguage":"es","@id":"https:\/\/prolavage.fr\/es\/#primaryimage","url":"https:\/\/prolavage.fr\/wp-content\/uploads\/2022\/02\/01.jpg","contentUrl":"https:\/\/prolavage.fr\/wp-content\/uploads\/2022\/02\/01.jpg"},{"@type":"BreadcrumbList","@id":"https:\/\/prolavage.fr\/es\/#breadcrumb","itemListElement":[{"@type":"ListItem","position":1,"name":"Accueil","item":"https:\/\/prolavage.fr\/es\/"},{"@type":"ListItem","position":2,"name":"Bienvenida"}]},{"@type":"WebSite","@id":"https:\/\/prolavage.fr\/#website","url":"https:\/\/prolavage.fr\/","name":"Prolavage","description":"Lavage de v\u00e9hicule poids lourds","publisher":{"@id":"https:\/\/prolavage.fr\/#organization"},"potentialAction":[{"@type":"SearchAction","target":{"@type":"EntryPoint","urlTemplate":"https:\/\/prolavage.fr\/?s={search_term_string}"},"query-input":{"@type":"PropertyValueSpecification","valueRequired":true,"valueName":"search_term_string"}}],"inLanguage":"es"},{"@type":"Organization","@id":"https:\/\/prolavage.fr\/#organization","name":"Prolavage","url":"https:\/\/prolavage.fr\/","logo":{"@type":"ImageObject","inLanguage":"es","@id":"https:\/\/prolavage.fr\/#\/schema\/logo\/image\/","url":"https:\/\/prolavage.fr\/wp-content\/uploads\/2021\/10\/logo-prolavage.jpg","contentUrl":"https:\/\/prolavage.fr\/wp-content\/uploads\/2021\/10\/logo-prolavage.jpg","width":288,"height":80,"caption":"Prolavage"},"image":{"@id":"https:\/\/prolavage.fr\/#\/schema\/logo\/image\/"}}]}},"_links":{"self":[{"href":"https:\/\/prolavage.fr\/es\/wp-json\/wp\/v2\/pages\/768","targetHints":{"allow":["GET"]}}],"collection":[{"href":"https:\/\/prolavage.fr\/es\/wp-json\/wp\/v2\/pages"}],"about":[{"href":"https:\/\/prolavage.fr\/es\/wp-json\/wp\/v2\/types\/page"}],"author":[{"embeddable":true,"href":"https:\/\/prolavage.fr\/es\/wp-json\/wp\/v2\/users\/4"}],"replies":[{"embeddable":true,"href":"https:\/\/prolavage.fr\/es\/wp-json\/wp\/v2\/comments?post=768"}],"version-history":[{"count":0,"href":"https:\/\/prolavage.fr\/es\/wp-json\/wp\/v2\/pages\/768\/revisions"}],"wp:attachment":[{"href":"https:\/\/prolavage.fr\/es\/wp-json\/wp\/v2\/media?parent=768"}],"curies":[{"name":"wp","href":"https:\/\/api.w.org\/{rel}","templated":true}]}}