{"id":772,"date":"2022-02-23T10:23:51","date_gmt":"2022-02-23T09:23:51","guid":{"rendered":"https:\/\/prolavage.fr\/lavado-de-exteriores\/"},"modified":"2025-08-26T12:20:45","modified_gmt":"2025-08-26T10:20:45","slug":"lavado-de-exteriores","status":"publish","type":"page","link":"https:\/\/prolavage.fr\/es\/lavado-de-exteriores\/","title":{"rendered":"Lavado de exteriores"},"content":{"rendered":"\t\t<div data-elementor-type=\"wp-page\" data-elementor-id=\"772\" class=\"elementor elementor-772\" data-elementor-post-type=\"page\">\n\t\t\t\t<div class=\"elementor-element elementor-element-bf1c961 e-flex e-con-boxed e-con e-parent\" data-id=\"bf1c961\" data-element_type=\"container\">\n\t\t\t\t\t<div class=\"e-con-inner\">\n\t\t<div class=\"elementor-element elementor-element-87bc2ac e-con-full e-flex e-con e-child\" data-id=\"87bc2ac\" data-element_type=\"container\">\n\t\t\t\t<div class=\"elementor-element elementor-element-06dd607 elementor-widget elementor-widget-heading\" data-id=\"06dd607\" data-element_type=\"widget\" data-widget_type=\"heading.default\">\n\t\t\t\t\t<h1 class=\"elementor-heading-title elementor-size-default\">Lavado exterior<\/h1>\t\t\t\t<\/div>\n\t\t\t\t<div class=\"elementor-element elementor-element-17d69f2 elementor-widget elementor-widget-text-editor\" data-id=\"17d69f2\" data-element_type=\"widget\" data-widget_type=\"text-editor.default\">\n\t\t\t\t\t\t\t\t\t<p>Lavado exterior de todo tipo de veh\u00edculos pesados, tr\u00e1ileres, semirremolques y remolques.<\/p>\t\t\t\t\t\t\t\t<\/div>\n\t\t\t\t<\/div>\n\t\t<div class=\"elementor-element elementor-element-c29045a e-grid e-con-full e-con e-child\" data-id=\"c29045a\" data-element_type=\"container\">\n\t\t\t\t<div class=\"elementor-element elementor-element-1c88d99 elementor-widget elementor-widget-image\" data-id=\"1c88d99\" data-element_type=\"widget\" data-widget_type=\"image.default\">\n\t\t\t\t\t\t\t\t\t\t\t\t\t\t\t<img fetchpriority=\"high\" decoding=\"async\" width=\"1642\" height=\"924\" src=\"https:\/\/prolavage.fr\/wp-content\/uploads\/2022\/09\/Ext-Angers-comp-27.jpg\" class=\"attachment-full size-full wp-image-1280\" alt=\"\" srcset=\"https:\/\/prolavage.fr\/wp-content\/uploads\/2022\/09\/Ext-Angers-comp-27.jpg 1642w, https:\/\/prolavage.fr\/wp-content\/uploads\/2022\/09\/Ext-Angers-comp-27-300x169.jpg 300w, https:\/\/prolavage.fr\/wp-content\/uploads\/2022\/09\/Ext-Angers-comp-27-1024x576.jpg 1024w, https:\/\/prolavage.fr\/wp-content\/uploads\/2022\/09\/Ext-Angers-comp-27-768x432.jpg 768w, https:\/\/prolavage.fr\/wp-content\/uploads\/2022\/09\/Ext-Angers-comp-27-1536x864.jpg 1536w\" sizes=\"(max-width: 1642px) 100vw, 1642px\" \/>\t\t\t\t\t\t\t\t\t\t\t\t\t\t\t<\/div>\n\t\t\t\t<div class=\"elementor-element elementor-element-d8907c0 elementor-widget elementor-widget-image\" data-id=\"d8907c0\" data-element_type=\"widget\" data-widget_type=\"image.default\">\n\t\t\t\t\t\t\t\t\t\t\t\t\t\t\t<img decoding=\"async\" width=\"1296\" height=\"730\" src=\"https:\/\/prolavage.fr\/wp-content\/uploads\/2022\/09\/Ext-Angers-comp-95.jpg\" class=\"attachment-full size-full wp-image-1275\" alt=\"\" srcset=\"https:\/\/prolavage.fr\/wp-content\/uploads\/2022\/09\/Ext-Angers-comp-95.jpg 1296w, https:\/\/prolavage.fr\/wp-content\/uploads\/2022\/09\/Ext-Angers-comp-95-300x169.jpg 300w, https:\/\/prolavage.fr\/wp-content\/uploads\/2022\/09\/Ext-Angers-comp-95-1024x577.jpg 1024w, https:\/\/prolavage.fr\/wp-content\/uploads\/2022\/09\/Ext-Angers-comp-95-768x433.jpg 768w\" sizes=\"(max-width: 1296px) 100vw, 1296px\" \/>\t\t\t\t\t\t\t\t\t\t\t\t\t\t\t<\/div>\n\t\t\t\t<div class=\"elementor-element elementor-element-138007a elementor-widget elementor-widget-image\" data-id=\"138007a\" data-element_type=\"widget\" data-widget_type=\"image.default\">\n\t\t\t\t\t\t\t\t\t\t\t\t\t\t\t<img decoding=\"async\" width=\"1152\" height=\"648\" src=\"https:\/\/prolavage.fr\/wp-content\/uploads\/2022\/09\/Ext-Angers-comp-8.jpg\" class=\"attachment-full size-full wp-image-1284\" alt=\"\" srcset=\"https:\/\/prolavage.fr\/wp-content\/uploads\/2022\/09\/Ext-Angers-comp-8.jpg 1152w, https:\/\/prolavage.fr\/wp-content\/uploads\/2022\/09\/Ext-Angers-comp-8-300x169.jpg 300w, https:\/\/prolavage.fr\/wp-content\/uploads\/2022\/09\/Ext-Angers-comp-8-1024x576.jpg 1024w, https:\/\/prolavage.fr\/wp-content\/uploads\/2022\/09\/Ext-Angers-comp-8-768x432.jpg 768w\" sizes=\"(max-width: 1152px) 100vw, 1152px\" \/>\t\t\t\t\t\t\t\t\t\t\t\t\t\t\t<\/div>\n\t\t\t\t<div class=\"elementor-element elementor-element-e3f89a5 elementor-widget elementor-widget-image\" data-id=\"e3f89a5\" data-element_type=\"widget\" data-widget_type=\"image.default\">\n\t\t\t\t\t\t\t\t\t\t\t\t\t\t\t<img loading=\"lazy\" decoding=\"async\" width=\"1296\" height=\"730\" src=\"https:\/\/prolavage.fr\/wp-content\/uploads\/2022\/09\/Ext-Angers-comp-58.jpg\" class=\"attachment-full size-full wp-image-1288\" alt=\"\" srcset=\"https:\/\/prolavage.fr\/wp-content\/uploads\/2022\/09\/Ext-Angers-comp-58.jpg 1296w, https:\/\/prolavage.fr\/wp-content\/uploads\/2022\/09\/Ext-Angers-comp-58-300x169.jpg 300w, https:\/\/prolavage.fr\/wp-content\/uploads\/2022\/09\/Ext-Angers-comp-58-1024x577.jpg 1024w, https:\/\/prolavage.fr\/wp-content\/uploads\/2022\/09\/Ext-Angers-comp-58-768x433.jpg 768w\" sizes=\"(max-width: 1296px) 100vw, 1296px\" \/>\t\t\t\t\t\t\t\t\t\t\t\t\t\t\t<\/div>\n\t\t\t\t<div class=\"elementor-element elementor-element-dfab0c5 elementor-widget elementor-widget-image\" data-id=\"dfab0c5\" data-element_type=\"widget\" data-widget_type=\"image.default\">\n\t\t\t\t\t\t\t\t\t\t\t\t\t\t\t<img loading=\"lazy\" decoding=\"async\" width=\"1556\" height=\"876\" src=\"https:\/\/prolavage.fr\/wp-content\/uploads\/2022\/09\/2022-09-Cholet-lav-ext-comp-51.jpg\" class=\"attachment-full size-full wp-image-1393\" alt=\"Lavage ext\u00e9rieur\" srcset=\"https:\/\/prolavage.fr\/wp-content\/uploads\/2022\/09\/2022-09-Cholet-lav-ext-comp-51.jpg 1556w, https:\/\/prolavage.fr\/wp-content\/uploads\/2022\/09\/2022-09-Cholet-lav-ext-comp-51-300x169.jpg 300w, https:\/\/prolavage.fr\/wp-content\/uploads\/2022\/09\/2022-09-Cholet-lav-ext-comp-51-1024x576.jpg 1024w, https:\/\/prolavage.fr\/wp-content\/uploads\/2022\/09\/2022-09-Cholet-lav-ext-comp-51-768x432.jpg 768w, https:\/\/prolavage.fr\/wp-content\/uploads\/2022\/09\/2022-09-Cholet-lav-ext-comp-51-1536x865.jpg 1536w\" sizes=\"(max-width: 1556px) 100vw, 1556px\" \/>\t\t\t\t\t\t\t\t\t\t\t\t\t\t\t<\/div>\n\t\t\t\t<div class=\"elementor-element elementor-element-17ed405 elementor-widget elementor-widget-image\" data-id=\"17ed405\" data-element_type=\"widget\" data-widget_type=\"image.default\">\n\t\t\t\t\t\t\t\t\t\t\t\t\t\t\t<img loading=\"lazy\" decoding=\"async\" width=\"1642\" height=\"924\" src=\"https:\/\/prolavage.fr\/wp-content\/uploads\/2022\/09\/Ext-Angers-comp-15.jpg\" class=\"attachment-full size-full wp-image-1315\" alt=\"\" srcset=\"https:\/\/prolavage.fr\/wp-content\/uploads\/2022\/09\/Ext-Angers-comp-15.jpg 1642w, https:\/\/prolavage.fr\/wp-content\/uploads\/2022\/09\/Ext-Angers-comp-15-300x169.jpg 300w, https:\/\/prolavage.fr\/wp-content\/uploads\/2022\/09\/Ext-Angers-comp-15-1024x576.jpg 1024w, https:\/\/prolavage.fr\/wp-content\/uploads\/2022\/09\/Ext-Angers-comp-15-768x432.jpg 768w, https:\/\/prolavage.fr\/wp-content\/uploads\/2022\/09\/Ext-Angers-comp-15-1536x864.jpg 1536w\" sizes=\"(max-width: 1642px) 100vw, 1642px\" \/>\t\t\t\t\t\t\t\t\t\t\t\t\t\t\t<\/div>\n\t\t\t\t<\/div>\n\t\t<div class=\"elementor-element elementor-element-edfcea4 e-con-full e-flex e-con e-child\" data-id=\"edfcea4\" data-element_type=\"container\" data-settings=\"{&quot;background_background&quot;:&quot;classic&quot;}\">\n\t\t<div class=\"elementor-element elementor-element-2bcd4ba e-con-full e-flex e-con e-child\" data-id=\"2bcd4ba\" data-element_type=\"container\">\n\t\t\t\t<div class=\"elementor-element elementor-element-2e05cbd elementor-widget elementor-widget-heading\" data-id=\"2e05cbd\" data-element_type=\"widget\" data-widget_type=\"heading.default\">\n\t\t\t\t\t<span class=\"elementor-heading-title elementor-size-default\">Deseo m\u00e1s informaci\u00f3n<\/span>\t\t\t\t<\/div>\n\t\t\t\t<div class=\"elementor-element elementor-element-a7adc94 elementor-mobile-align-center elementor-widget elementor-widget-button\" data-id=\"a7adc94\" data-element_type=\"widget\" data-widget_type=\"button.default\">\n\t\t\t\t\t\t\t\t\t\t<a class=\"elementor-button elementor-button-link elementor-size-sm\" href=\"https:\/\/prolavage.fr\/contact\/\">\n\t\t\t\t\t\t<span class=\"elementor-button-content-wrapper\">\n\t\t\t\t\t\t\t\t\t<span class=\"elementor-button-text\">Ponerse en contacto<\/span>\n\t\t\t\t\t<\/span>\n\t\t\t\t\t<\/a>\n\t\t\t\t\t\t\t\t<\/div>\n\t\t\t\t<\/div>\n\t\t\t\t<\/div>\n\t\t\t\t\t<\/div>\n\t\t\t\t<\/div>\n\t\t\t\t<\/div>\n\t\t","protected":false},"excerpt":{"rendered":"<p>Lavado exterior Lavado exterior de todo tipo de veh\u00edculos pesados, tr\u00e1ileres, semirremolques y remolques. Deseo m\u00e1s informaci\u00f3n Ponerse en contacto<\/p>\n","protected":false},"author":4,"featured_media":0,"parent":0,"menu_order":0,"comment_status":"closed","ping_status":"closed","template":"","meta":{"footnotes":""},"class_list":["post-772","page","type-page","status-publish","hentry"],"featured_image_urls_v2":{"full":"","thumbnail":"","medium":"","medium_large":"","large":"","1536x1536":"","2048x2048":""},"post_excerpt_stackable_v2":"<p>Lavado exterior Lavado exterior de todo tipo de veh\u00edculos pesados, tr\u00e1ileres, semirremolques y remolques. Deseo m\u00e1s informaci\u00f3n Ponerse en contacto<\/p>\n","category_list_v2":"","author_info_v2":{"name":"Ub28dHne","url":"https:\/\/prolavage.fr\/es\/author\/ub28dhne\/"},"comments_num_v2":"0 comentarios","yoast_head":"<!-- This site is optimized with the Yoast SEO plugin v25.1 - https:\/\/yoast.com\/wordpress\/plugins\/seo\/ -->\n<title>Lavado de exteriores - Prolavage<\/title>\n<meta name=\"description\" content=\"Lavado exterior de veh\u00edculos pesados, camiones, semirremolques, cisternas en Cholet y Angers. P\u00f3rtico de lavado y alta presi\u00f3n.\" \/>\n<meta name=\"robots\" content=\"index, follow, max-snippet:-1, max-image-preview:large, max-video-preview:-1\" \/>\n<link rel=\"canonical\" href=\"https:\/\/prolavage.fr\/lavage-exterieur\/\" \/>\n<meta property=\"og:locale\" content=\"es_ES\" \/>\n<meta property=\"og:type\" content=\"article\" \/>\n<meta property=\"og:title\" content=\"Lavado de exteriores - Prolavage\" \/>\n<meta property=\"og:description\" content=\"Lavado exterior de veh\u00edculos pesados, camiones, semirremolques, cisternas en Cholet y Angers. P\u00f3rtico de lavado y alta presi\u00f3n.\" \/>\n<meta property=\"og:url\" content=\"https:\/\/prolavage.fr\/lavage-exterieur\/\" \/>\n<meta property=\"og:site_name\" content=\"Prolavage\" \/>\n<meta property=\"article:modified_time\" content=\"2025-08-26T10:20:45+00:00\" \/>\n<meta property=\"og:image\" content=\"https:\/\/prolavage.fr\/wp-content\/uploads\/2022\/09\/Ext-Angers-comp-27.jpg\" \/>\n\t<meta property=\"og:image:width\" content=\"1642\" \/>\n\t<meta property=\"og:image:height\" content=\"924\" \/>\n\t<meta property=\"og:image:type\" content=\"image\/jpeg\" \/>\n<meta name=\"twitter:card\" content=\"summary_large_image\" \/>\n<meta name=\"twitter:label1\" content=\"Tiempo de lectura\" \/>\n\t<meta name=\"twitter:data1\" content=\"1 minuto\" \/>\n<script type=\"application\/ld+json\" class=\"yoast-schema-graph\">{\"@context\":\"https:\/\/schema.org\",\"@graph\":[{\"@type\":\"WebPage\",\"@id\":\"https:\/\/prolavage.fr\/lavage-exterieur\/\",\"url\":\"https:\/\/prolavage.fr\/lavage-exterieur\/\",\"name\":\"Lavado de exteriores - Prolavage\",\"isPartOf\":{\"@id\":\"https:\/\/prolavage.fr\/#website\"},\"primaryImageOfPage\":{\"@id\":\"https:\/\/prolavage.fr\/lavage-exterieur\/#primaryimage\"},\"image\":{\"@id\":\"https:\/\/prolavage.fr\/lavage-exterieur\/#primaryimage\"},\"thumbnailUrl\":\"https:\/\/prolavage.fr\/wp-content\/uploads\/2022\/09\/Ext-Angers-comp-27.jpg\",\"datePublished\":\"2022-02-23T09:23:51+00:00\",\"dateModified\":\"2025-08-26T10:20:45+00:00\",\"description\":\"Lavado exterior de veh\u00edculos pesados, camiones, semirremolques, cisternas en Cholet y Angers. P\u00f3rtico de lavado y alta presi\u00f3n.\",\"breadcrumb\":{\"@id\":\"https:\/\/prolavage.fr\/lavage-exterieur\/#breadcrumb\"},\"inLanguage\":\"es\",\"potentialAction\":[{\"@type\":\"ReadAction\",\"target\":[\"https:\/\/prolavage.fr\/lavage-exterieur\/\"]}]},{\"@type\":\"ImageObject\",\"inLanguage\":\"es\",\"@id\":\"https:\/\/prolavage.fr\/lavage-exterieur\/#primaryimage\",\"url\":\"https:\/\/prolavage.fr\/wp-content\/uploads\/2022\/09\/Ext-Angers-comp-27.jpg\",\"contentUrl\":\"https:\/\/prolavage.fr\/wp-content\/uploads\/2022\/09\/Ext-Angers-comp-27.jpg\"},{\"@type\":\"BreadcrumbList\",\"@id\":\"https:\/\/prolavage.fr\/lavage-exterieur\/#breadcrumb\",\"itemListElement\":[{\"@type\":\"ListItem\",\"position\":1,\"name\":\"Accueil\",\"item\":\"https:\/\/prolavage.fr\/es\/\"},{\"@type\":\"ListItem\",\"position\":2,\"name\":\"Lavado de exteriores\"}]},{\"@type\":\"WebSite\",\"@id\":\"https:\/\/prolavage.fr\/#website\",\"url\":\"https:\/\/prolavage.fr\/\",\"name\":\"Prolavage\",\"description\":\"Lavage de v\u00e9hicule poids lourds\",\"publisher\":{\"@id\":\"https:\/\/prolavage.fr\/#organization\"},\"potentialAction\":[{\"@type\":\"SearchAction\",\"target\":{\"@type\":\"EntryPoint\",\"urlTemplate\":\"https:\/\/prolavage.fr\/?s={search_term_string}\"},\"query-input\":{\"@type\":\"PropertyValueSpecification\",\"valueRequired\":true,\"valueName\":\"search_term_string\"}}],\"inLanguage\":\"es\"},{\"@type\":\"Organization\",\"@id\":\"https:\/\/prolavage.fr\/#organization\",\"name\":\"Prolavage\",\"url\":\"https:\/\/prolavage.fr\/\",\"logo\":{\"@type\":\"ImageObject\",\"inLanguage\":\"es\",\"@id\":\"https:\/\/prolavage.fr\/#\/schema\/logo\/image\/\",\"url\":\"https:\/\/prolavage.fr\/wp-content\/uploads\/2021\/10\/logo-prolavage.jpg\",\"contentUrl\":\"https:\/\/prolavage.fr\/wp-content\/uploads\/2021\/10\/logo-prolavage.jpg\",\"width\":288,\"height\":80,\"caption\":\"Prolavage\"},\"image\":{\"@id\":\"https:\/\/prolavage.fr\/#\/schema\/logo\/image\/\"}}]}<\/script>\n<!-- \/ Yoast SEO plugin. -->","yoast_head_json":{"title":"Lavado de exteriores - Prolavage","description":"Lavado exterior de veh\u00edculos pesados, camiones, semirremolques, cisternas en Cholet y Angers. P\u00f3rtico de lavado y alta presi\u00f3n.","robots":{"index":"index","follow":"follow","max-snippet":"max-snippet:-1","max-image-preview":"max-image-preview:large","max-video-preview":"max-video-preview:-1"},"canonical":"https:\/\/prolavage.fr\/lavage-exterieur\/","og_locale":"es_ES","og_type":"article","og_title":"Lavado de exteriores - Prolavage","og_description":"Lavado exterior de veh\u00edculos pesados, camiones, semirremolques, cisternas en Cholet y Angers. P\u00f3rtico de lavado y alta presi\u00f3n.","og_url":"https:\/\/prolavage.fr\/lavage-exterieur\/","og_site_name":"Prolavage","article_modified_time":"2025-08-26T10:20:45+00:00","og_image":[{"width":1642,"height":924,"url":"https:\/\/prolavage.fr\/wp-content\/uploads\/2022\/09\/Ext-Angers-comp-27.jpg","type":"image\/jpeg"}],"twitter_card":"summary_large_image","twitter_misc":{"Tiempo de lectura":"1 minuto"},"schema":{"@context":"https:\/\/schema.org","@graph":[{"@type":"WebPage","@id":"https:\/\/prolavage.fr\/lavage-exterieur\/","url":"https:\/\/prolavage.fr\/lavage-exterieur\/","name":"Lavado de exteriores - Prolavage","isPartOf":{"@id":"https:\/\/prolavage.fr\/#website"},"primaryImageOfPage":{"@id":"https:\/\/prolavage.fr\/lavage-exterieur\/#primaryimage"},"image":{"@id":"https:\/\/prolavage.fr\/lavage-exterieur\/#primaryimage"},"thumbnailUrl":"https:\/\/prolavage.fr\/wp-content\/uploads\/2022\/09\/Ext-Angers-comp-27.jpg","datePublished":"2022-02-23T09:23:51+00:00","dateModified":"2025-08-26T10:20:45+00:00","description":"Lavado exterior de veh\u00edculos pesados, camiones, semirremolques, cisternas en Cholet y Angers. P\u00f3rtico de lavado y alta presi\u00f3n.","breadcrumb":{"@id":"https:\/\/prolavage.fr\/lavage-exterieur\/#breadcrumb"},"inLanguage":"es","potentialAction":[{"@type":"ReadAction","target":["https:\/\/prolavage.fr\/lavage-exterieur\/"]}]},{"@type":"ImageObject","inLanguage":"es","@id":"https:\/\/prolavage.fr\/lavage-exterieur\/#primaryimage","url":"https:\/\/prolavage.fr\/wp-content\/uploads\/2022\/09\/Ext-Angers-comp-27.jpg","contentUrl":"https:\/\/prolavage.fr\/wp-content\/uploads\/2022\/09\/Ext-Angers-comp-27.jpg"},{"@type":"BreadcrumbList","@id":"https:\/\/prolavage.fr\/lavage-exterieur\/#breadcrumb","itemListElement":[{"@type":"ListItem","position":1,"name":"Accueil","item":"https:\/\/prolavage.fr\/es\/"},{"@type":"ListItem","position":2,"name":"Lavado de exteriores"}]},{"@type":"WebSite","@id":"https:\/\/prolavage.fr\/#website","url":"https:\/\/prolavage.fr\/","name":"Prolavage","description":"Lavage de v\u00e9hicule poids lourds","publisher":{"@id":"https:\/\/prolavage.fr\/#organization"},"potentialAction":[{"@type":"SearchAction","target":{"@type":"EntryPoint","urlTemplate":"https:\/\/prolavage.fr\/?s={search_term_string}"},"query-input":{"@type":"PropertyValueSpecification","valueRequired":true,"valueName":"search_term_string"}}],"inLanguage":"es"},{"@type":"Organization","@id":"https:\/\/prolavage.fr\/#organization","name":"Prolavage","url":"https:\/\/prolavage.fr\/","logo":{"@type":"ImageObject","inLanguage":"es","@id":"https:\/\/prolavage.fr\/#\/schema\/logo\/image\/","url":"https:\/\/prolavage.fr\/wp-content\/uploads\/2021\/10\/logo-prolavage.jpg","contentUrl":"https:\/\/prolavage.fr\/wp-content\/uploads\/2021\/10\/logo-prolavage.jpg","width":288,"height":80,"caption":"Prolavage"},"image":{"@id":"https:\/\/prolavage.fr\/#\/schema\/logo\/image\/"}}]}},"_links":{"self":[{"href":"https:\/\/prolavage.fr\/es\/wp-json\/wp\/v2\/pages\/772","targetHints":{"allow":["GET"]}}],"collection":[{"href":"https:\/\/prolavage.fr\/es\/wp-json\/wp\/v2\/pages"}],"about":[{"href":"https:\/\/prolavage.fr\/es\/wp-json\/wp\/v2\/types\/page"}],"author":[{"embeddable":true,"href":"https:\/\/prolavage.fr\/es\/wp-json\/wp\/v2\/users\/4"}],"replies":[{"embeddable":true,"href":"https:\/\/prolavage.fr\/es\/wp-json\/wp\/v2\/comments?post=772"}],"version-history":[{"count":3,"href":"https:\/\/prolavage.fr\/es\/wp-json\/wp\/v2\/pages\/772\/revisions"}],"predecessor-version":[{"id":2475,"href":"https:\/\/prolavage.fr\/es\/wp-json\/wp\/v2\/pages\/772\/revisions\/2475"}],"wp:attachment":[{"href":"https:\/\/prolavage.fr\/es\/wp-json\/wp\/v2\/media?parent=772"}],"curies":[{"name":"wp","href":"https:\/\/api.w.org\/{rel}","templated":true}]}}